{"id":1019,"date":"2025-11-29T06:49:15","date_gmt":"2025-11-29T06:49:15","guid":{"rendered":"https:\/\/www.kasikogluparke.com\/?post_type=product&#038;p=1019"},"modified":"2025-11-29T06:49:15","modified_gmt":"2025-11-29T06:49:15","slug":"nil-prk-502","status":"publish","type":"product","link":"https:\/\/www.kasikogluparke.com\/?product=nil-prk-502","title":{"rendered":"Nil PRK-502"},"content":{"rendered":"<div class=\"product-detail-box\">\n<p class=\"body-third\">Ebat<\/p>\n<p class=\"body-second fw-bold\">191 mm x 1200 mm<\/p>\n<\/div>\n<div class=\"row\">\n<div class=\"col-6\">\n<ul class=\"py-3\">\n<li class=\"d-flex flex-column py-2 border-bottom technichal-specifications-item\"><span class=\"fw-normal body-third\">En<\/span><span class=\"fw-bold body-second\">191 mm<\/span><\/li>\n<li class=\"d-flex flex-column py-2 border-bottom technichal-specifications-item\"><span class=\"fw-normal body-third\">Kal\u0131nl\u0131k<\/span><span class=\"fw-bold body-second\">8 mm<\/span><\/li>\n<li class=\"d-flex flex-column py-2 border-bottom technichal-specifications-item\"><span class=\"fw-normal body-third\">Y\u00fczey Dayan\u0131m\u0131<\/span><span class=\"fw-bold body-second\">AC4-32: Ev ve Ofis kullan\u0131m\u0131<\/span><\/li>\n<li class=\"d-flex flex-column py-2 border-bottom technichal-specifications-item\"><span class=\"fw-normal body-third\">Kilitleme Sistemi<\/span><span class=\"fw-bold body-second\">L2C<\/span><\/li>\n<li class=\"d-flex flex-column py-2 border-bottom technichal-specifications-item\"><span class=\"fw-normal body-third\">Palet<\/span><span class=\"fw-bold body-second\">60 Adet \/ 110,016 m\u00b2<\/span><\/li>\n<\/ul>\n<\/div>\n<div class=\"col-6\">\n<ul class=\"py-3\">\n<li class=\"d-flex flex-column py-2 border-bottom technichal-specifications-item\"><span class=\"fw-normal body-third\">Boy<\/span><span class=\"fw-bold body-second\">1200 mm<\/span><\/li>\n<li class=\"d-flex flex-column py-2 border-bottom technichal-specifications-item\"><span class=\"fw-normal body-third\">Paket <\/span><span class=\"fw-bold body-second\">8 Adet \/ 1,8336 m\u00b2 \/ 13,20 kg<\/span><\/li>\n<li class=\"d-flex flex-column py-2 border-bottom technichal-specifications-item\"><span class=\"fw-normal body-third\">Kenar<\/span><span class=\"fw-bold body-second\">Derzli<\/span><\/li>\n<li class=\"d-flex flex-column py-2 border-bottom technichal-specifications-item\"><span class=\"fw-normal body-third\">Y\u00fczey<\/span><span class=\"fw-bold body-second\">Natura<\/span><\/li>\n<li class=\"d-flex flex-column py-2 border-bottom technichal-specifications-item\"><span class=\"fw-normal body-third\">Desen<\/span><span class=\"fw-bold body-second\">Ah\u015fap<\/span><\/li>\n<\/ul>\n<\/div>\n<\/div>\n","protected":false},"excerpt":{"rendered":"<p>Ebat 191 mm x 1200 mm En191 mm Kal\u0131nl\u0131k8 mm Y\u00fczey Dayan\u0131m\u0131AC4-32: Ev ve Ofis kullan\u0131m\u0131 Kilitleme SistemiL2C Palet60 Adet \/ 110,016 m\u00b2 Boy1200 mm Paket 8 Adet \/ 1,8336 m\u00b2 \/ 13,20 kg KenarDerzli Y\u00fczeyNatura DesenAh\u015fap<\/p>\n","protected":false},"featured_media":1020,"template":"","meta":[],"product_brand":[],"product_cat":[73],"product_tag":[],"class_list":{"0":"post-1019","1":"product","2":"type-product","3":"status-publish","4":"has-post-thumbnail","6":"product_cat-natura-line-32","8":"first","9":"instock","10":"taxable","11":"shipping-taxable","12":"product-type-simple"},"_links":{"self":[{"href":"https:\/\/www.kasikogluparke.com\/index.php?rest_route=\/wp\/v2\/product\/1019","targetHints":{"allow":["GET"]}}],"collection":[{"href":"https:\/\/www.kasikogluparke.com\/index.php?rest_route=\/wp\/v2\/product"}],"about":[{"href":"https:\/\/www.kasikogluparke.com\/index.php?rest_route=\/wp\/v2\/types\/product"}],"wp:featuredmedia":[{"embeddable":true,"href":"https:\/\/www.kasikogluparke.com\/index.php?rest_route=\/wp\/v2\/media\/1020"}],"wp:attachment":[{"href":"https:\/\/www.kasikogluparke.com\/index.php?rest_route=%2Fwp%2Fv2%2Fmedia&parent=1019"}],"wp:term":[{"taxonomy":"product_brand","embeddable":true,"href":"https:\/\/www.kasikogluparke.com\/index.php?rest_route=%2Fwp%2Fv2%2Fproduct_brand&post=1019"},{"taxonomy":"product_cat","embeddable":true,"href":"https:\/\/www.kasikogluparke.com\/index.php?rest_route=%2Fwp%2Fv2%2Fproduct_cat&post=1019"},{"taxonomy":"product_tag","embeddable":true,"href":"https:\/\/www.kasikogluparke.com\/index.php?rest_route=%2Fwp%2Fv2%2Fproduct_tag&post=1019"}],"curies":[{"name":"wp","href":"https:\/\/api.w.org\/{rel}","templated":true}]}}