{"id":1032,"date":"2025-11-29T07:55:37","date_gmt":"2025-11-29T07:55:37","guid":{"rendered":"https:\/\/www.kasikogluparke.com\/?post_type=product&#038;p=1032"},"modified":"2025-11-29T07:55:37","modified_gmt":"2025-11-29T07:55:37","slug":"rodos-prk-509","status":"publish","type":"product","link":"https:\/\/www.kasikogluparke.com\/?product=rodos-prk-509","title":{"rendered":"Rodos PRK-509"},"content":{"rendered":"<p>BOYUT<\/p>\n<p>191 mm x 1200 mm<\/p>\n<p>Geni\u015flik<br \/>\n191 mm<br \/>\nKal\u0131nl\u0131k<br \/>\n8 mm<br \/>\nY\u00fczey Direnci<br \/>\nAC4-32: Ev ve Ofis Kullan\u0131m\u0131<br \/>\nKilit Sistemi<br \/>\nL2C<br \/>\nPalet<br \/>\n60 Adet \/ 110.016 m\u00b2<br \/>\nY\u00fckseklik<br \/>\n1200 mm<br \/>\nPaket<br \/>\n8 Par\u00e7a \/ 1,8336 m\u00b2 \/ 13,20 kg<br \/>\nS\u0131n\u0131r<br \/>\nEklemli<br \/>\nY\u00fczey<br \/>\nDo\u011fa<br \/>\nModel<br \/>\nOdun<\/p>\n","protected":false},"excerpt":{"rendered":"<p>BOYUT 191 mm x 1200 mm Geni\u015flik 191 mm Kal\u0131nl\u0131k 8 mm Y\u00fczey Direnci AC4-32: Ev ve Ofis Kullan\u0131m\u0131 Kilit Sistemi L2C Palet 60 Adet \/ 110.016 m\u00b2 Y\u00fckseklik 1200 mm Paket 8 Par\u00e7a \/ 1,8336 m\u00b2 \/ 13,20 kg S\u0131n\u0131r Eklemli Y\u00fczey Do\u011fa Model Odun<\/p>\n","protected":false},"featured_media":1033,"template":"","meta":[],"product_brand":[],"product_cat":[72,73],"product_tag":[],"class_list":{"0":"post-1032","1":"product","2":"type-product","3":"status-publish","4":"has-post-thumbnail","6":"product_cat-agt","7":"product_cat-natura-line-32","9":"first","10":"instock","11":"taxable","12":"shipping-taxable","13":"product-type-simple"},"_links":{"self":[{"href":"https:\/\/www.kasikogluparke.com\/index.php?rest_route=\/wp\/v2\/product\/1032","targetHints":{"allow":["GET"]}}],"collection":[{"href":"https:\/\/www.kasikogluparke.com\/index.php?rest_route=\/wp\/v2\/product"}],"about":[{"href":"https:\/\/www.kasikogluparke.com\/index.php?rest_route=\/wp\/v2\/types\/product"}],"wp:featuredmedia":[{"embeddable":true,"href":"https:\/\/www.kasikogluparke.com\/index.php?rest_route=\/wp\/v2\/media\/1033"}],"wp:attachment":[{"href":"https:\/\/www.kasikogluparke.com\/index.php?rest_route=%2Fwp%2Fv2%2Fmedia&parent=1032"}],"wp:term":[{"taxonomy":"product_brand","embeddable":true,"href":"https:\/\/www.kasikogluparke.com\/index.php?rest_route=%2Fwp%2Fv2%2Fproduct_brand&post=1032"},{"taxonomy":"product_cat","embeddable":true,"href":"https:\/\/www.kasikogluparke.com\/index.php?rest_route=%2Fwp%2Fv2%2Fproduct_cat&post=1032"},{"taxonomy":"product_tag","embeddable":true,"href":"https:\/\/www.kasikogluparke.com\/index.php?rest_route=%2Fwp%2Fv2%2Fproduct_tag&post=1032"}],"curies":[{"name":"wp","href":"https:\/\/api.w.org\/{rel}","templated":true}]}}