{"id":1034,"date":"2025-11-29T08:29:33","date_gmt":"2025-11-29T08:29:33","guid":{"rendered":"https:\/\/www.kasikogluparke.com\/?post_type=product&#038;p=1034"},"modified":"2025-11-29T08:29:33","modified_gmt":"2025-11-29T08:29:33","slug":"trend-mese-prk-501","status":"publish","type":"product","link":"https:\/\/www.kasikogluparke.com\/?product=trend-mese-prk-501","title":{"rendered":"Trend Me\u015fe PRK-501"},"content":{"rendered":"<p>Ebat<\/p>\n<p>191 mm x 1200 mm<\/p>\n<p>En<br \/>\n191 mm<br \/>\nKal\u0131nl\u0131k<br \/>\n8 mm<br \/>\nY\u00fczey Dayan\u0131m\u0131<br \/>\nAC4-32: Ev ve Ofis kullan\u0131m\u0131<br \/>\nKilitleme Sistemi<br \/>\nL2C<br \/>\nPalet<br \/>\n60 Adet \/ 110,016 m\u00b2<br \/>\nBoy<br \/>\n1200 mm<br \/>\nPaket<br \/>\n8 Adet \/ 1,8336 m\u00b2 \/ 13,20 kg<br \/>\nKenar<br \/>\nDerzli<br \/>\nY\u00fczey<br \/>\nNatura<br \/>\nDesen<br \/>\nAh\u015fap<\/p>\n","protected":false},"excerpt":{"rendered":"<p>Ebat 191 mm x 1200 mm En 191 mm Kal\u0131nl\u0131k 8 mm Y\u00fczey Dayan\u0131m\u0131 AC4-32: Ev ve Ofis kullan\u0131m\u0131 Kilitleme Sistemi L2C Palet 60 Adet \/ 110,016 m\u00b2 Boy 1200 mm Paket 8 Adet \/ 1,8336 m\u00b2 \/ 13,20 kg Kenar Derzli Y\u00fczey Natura Desen Ah\u015fap<\/p>\n","protected":false},"featured_media":1035,"template":"","meta":[],"product_brand":[],"product_cat":[72,73],"product_tag":[],"class_list":{"0":"post-1034","1":"product","2":"type-product","3":"status-publish","4":"has-post-thumbnail","6":"product_cat-agt","7":"product_cat-natura-line-32","9":"first","10":"instock","11":"taxable","12":"shipping-taxable","13":"product-type-simple"},"_links":{"self":[{"href":"https:\/\/www.kasikogluparke.com\/index.php?rest_route=\/wp\/v2\/product\/1034","targetHints":{"allow":["GET"]}}],"collection":[{"href":"https:\/\/www.kasikogluparke.com\/index.php?rest_route=\/wp\/v2\/product"}],"about":[{"href":"https:\/\/www.kasikogluparke.com\/index.php?rest_route=\/wp\/v2\/types\/product"}],"wp:featuredmedia":[{"embeddable":true,"href":"https:\/\/www.kasikogluparke.com\/index.php?rest_route=\/wp\/v2\/media\/1035"}],"wp:attachment":[{"href":"https:\/\/www.kasikogluparke.com\/index.php?rest_route=%2Fwp%2Fv2%2Fmedia&parent=1034"}],"wp:term":[{"taxonomy":"product_brand","embeddable":true,"href":"https:\/\/www.kasikogluparke.com\/index.php?rest_route=%2Fwp%2Fv2%2Fproduct_brand&post=1034"},{"taxonomy":"product_cat","embeddable":true,"href":"https:\/\/www.kasikogluparke.com\/index.php?rest_route=%2Fwp%2Fv2%2Fproduct_cat&post=1034"},{"taxonomy":"product_tag","embeddable":true,"href":"https:\/\/www.kasikogluparke.com\/index.php?rest_route=%2Fwp%2Fv2%2Fproduct_tag&post=1034"}],"curies":[{"name":"wp","href":"https:\/\/api.w.org\/{rel}","templated":true}]}}