{"id":138,"date":"2016-06-16T11:52:17","date_gmt":"2016-06-16T11:52:17","guid":{"rendered":"http:\/\/www.depoparke.com\/?product=sumela"},"modified":"2022-05-06T10:25:27","modified_gmt":"2022-05-06T10:25:27","slug":"sumela","status":"publish","type":"product","link":"https:\/\/www.kasikogluparke.com\/?product=sumela","title":{"rendered":"S\u00dcMELA"},"content":{"rendered":"<p style=\"text-align: justify;text-indent: 30px\">Hayat\u0131n ve do\u011fan\u0131n g\u00fczelliklerinden ilham alan POLO CLIC parke koleksiyonumuzun tasar\u0131m\u0131nda ah\u015fab\u0131n renk ve do\u011fas\u0131ndan yararlan\u0131lm\u0131\u015ft\u0131r.<\/p>\n<p style=\"text-align: justify;text-indent: 30px\">10 adet farkl\u0131 renk ve dekor se\u00e7enekleri ile AC3 31. s\u0131n\u0131f timberland y\u00fczeyden olu\u015fan koleksiyonumuz t\u00fcm ya\u015fam ve ofis alanlar\u0131na ayr\u0131 bir enerji katmaktad\u0131r<\/p>\n<p style=\"text-indent: 30px\"><img loading=\"lazy\" decoding=\"async\" class=\"alignnone size-full wp-image-113 aligncenter\" src=\"http:\/\/www.depoparke.com\/wp-content\/uploads\/2016\/06\/poloclicaltsemboller.jpg\" alt=\"poloclicaltsemboller\" width=\"499\" height=\"104\" srcset=\"https:\/\/www.kasikogluparke.com\/wp-content\/uploads\/2016\/06\/poloclicaltsemboller.jpg 499w, https:\/\/www.kasikogluparke.com\/wp-content\/uploads\/2016\/06\/poloclicaltsemboller-300x63.jpg 300w\" sizes=\"auto, (max-width: 499px) 100vw, 499px\" \/><\/p>\n","protected":false},"excerpt":{"rendered":"<p>Hayat\u0131n ve do\u011fan\u0131n g\u00fczelliklerinden ilham alan POLO CLIC parke koleksiyonumuzun tasar\u0131m\u0131nda ah\u015fab\u0131n renk ve do\u011fas\u0131ndan yararlan\u0131lm\u0131\u015ft\u0131r. 10 adet farkl\u0131 renk ve dekor se\u00e7enekleri ile AC3 31. s\u0131n\u0131f timberland y\u00fczeyden olu\u015fan koleksiyonumuz t\u00fcm ya\u015fam ve ofis alanlar\u0131na ayr\u0131 bir enerji katmaktad\u0131r<\/p>\n","protected":false},"featured_media":139,"template":"","meta":[],"product_brand":[],"product_cat":[9],"product_tag":[],"class_list":{"0":"post-138","1":"product","2":"type-product","3":"status-publish","4":"has-post-thumbnail","6":"product_cat-poloclic","8":"first","9":"instock","10":"taxable","11":"shipping-taxable","12":"purchasable","13":"product-type-simple"},"_links":{"self":[{"href":"https:\/\/www.kasikogluparke.com\/index.php?rest_route=\/wp\/v2\/product\/138","targetHints":{"allow":["GET"]}}],"collection":[{"href":"https:\/\/www.kasikogluparke.com\/index.php?rest_route=\/wp\/v2\/product"}],"about":[{"href":"https:\/\/www.kasikogluparke.com\/index.php?rest_route=\/wp\/v2\/types\/product"}],"wp:featuredmedia":[{"embeddable":true,"href":"https:\/\/www.kasikogluparke.com\/index.php?rest_route=\/wp\/v2\/media\/139"}],"wp:attachment":[{"href":"https:\/\/www.kasikogluparke.com\/index.php?rest_route=%2Fwp%2Fv2%2Fmedia&parent=138"}],"wp:term":[{"taxonomy":"product_brand","embeddable":true,"href":"https:\/\/www.kasikogluparke.com\/index.php?rest_route=%2Fwp%2Fv2%2Fproduct_brand&post=138"},{"taxonomy":"product_cat","embeddable":true,"href":"https:\/\/www.kasikogluparke.com\/index.php?rest_route=%2Fwp%2Fv2%2Fproduct_cat&post=138"},{"taxonomy":"product_tag","embeddable":true,"href":"https:\/\/www.kasikogluparke.com\/index.php?rest_route=%2Fwp%2Fv2%2Fproduct_tag&post=138"}],"curies":[{"name":"wp","href":"https:\/\/api.w.org\/{rel}","templated":true}]}}