{"id":580,"date":"2020-05-15T16:04:34","date_gmt":"2020-05-15T16:04:34","guid":{"rendered":"http:\/\/www.depoparke.com\/?post_type=product&#038;p=580"},"modified":"2025-11-29T07:28:27","modified_gmt":"2025-11-29T07:28:27","slug":"beyaz-mese-derzli","status":"publish","type":"product","link":"https:\/\/www.kasikogluparke.com\/?product=beyaz-mese-derzli","title":{"rendered":"K396 Artos Me\u015fe Derzli (8mm)"},"content":{"rendered":"<h2>\u00dcr\u00fcn \u00d6zellikleri<\/h2>\n<ul>\n<li><b>Boyutlar:\u00a01.285 x 123 x 8 mm<\/b><\/li>\n<li><b>15 y\u0131l garantilidir<\/b>\n<div class=\"propertyDescription\">\n<p>15 y\u0131l garantili &#8211;<a href=\"https:\/\/www.krono-original.com\/tr-tr\/garanti\">\u00a0Garanti Ko\u015fullar\u0131<\/a><\/p>\n<\/div>\n<\/li>\n<li><b>Aquastop 8 mm<\/b><\/li>\n<li><b>4 kenarl\u0131 V oyuk<\/b><\/li>\n<li><b>\u00c7evre Dostu<\/b><\/li>\n<li><b>Antibakteriyel y\u00fczey<\/b>\n<div class=\"propertyDescription\">\n<p>Krono Original\u00ae A.B.C. Anti Bacterial Coating, anti-bakteriyel kaplama olarak bakteri \u00fcremesini engeller ve temiz bir ortam\u0131n huzurunu sa\u011flar. (Test Edilen Bakteriler: Staphylococcus aureus)<\/p>\n<\/div>\n<\/li>\n<\/ul>\n<ul>\n<li><b>Twin Clic<\/b>\n<div class=\"propertyDescription\">\n<p>D\u00f6\u015feme kolayl\u0131\u011f\u0131: Twin clic<\/p>\n<\/div>\n<\/li>\n<li><b>23 S\u0131n\u0131f<\/b>\n<div class=\"propertyDescription\">\n<p>Konut i\u00e7i alanlarda yo\u011fun kullan\u0131m i\u00e7in<\/p>\n<\/div>\n<\/li>\n<li><b>32 S\u0131n\u0131f<\/b>\n<div class=\"propertyDescription\">\n<p>Ticari alanlarda normal kullan\u0131m i\u00e7in<\/p>\n<\/div>\n<\/li>\n<\/ul>\n","protected":false},"excerpt":{"rendered":"<p>\u00dcr\u00fcn \u00d6zellikleri Boyutlar:\u00a01.285 x 123 x 8 mm 15 y\u0131l garantilidir 15 y\u0131l garantili &#8211;\u00a0Garanti Ko\u015fullar\u0131 Aquastop 8 mm 4 kenarl\u0131 V oyuk \u00c7evre Dostu Antibakteriyel y\u00fczey Krono Original\u00ae A.B.C. Anti Bacterial Coating, anti-bakteriyel kaplama olarak bakteri \u00fcremesini engeller ve temiz bir ortam\u0131n huzurunu sa\u011flar. (Test Edilen Bakteriler: Staphylococcus aureus) Twin Clic D\u00f6\u015feme kolayl\u0131\u011f\u0131: Twin <a href=\"https:\/\/www.kasikogluparke.com\/?product=beyaz-mese-derzli\" rel=\"nofollow\"><span class=\"sr-only\">Daha fazla okuyunK396 Artos Me\u015fe Derzli (8mm)<\/span>[&hellip;]<\/a><\/p>\n","protected":false},"featured_media":581,"template":"","meta":[],"product_brand":[],"product_cat":[55,25,58],"product_tag":[],"class_list":{"0":"post-580","1":"product","2":"type-product","3":"status-publish","4":"has-post-thumbnail","6":"product_cat-krono-original","7":"product_cat-parke","8":"product_cat-modera-classic-8-mm","10":"first","11":"instock","12":"taxable","13":"shipping-taxable","14":"purchasable","15":"product-type-simple"},"_links":{"self":[{"href":"https:\/\/www.kasikogluparke.com\/index.php?rest_route=\/wp\/v2\/product\/580","targetHints":{"allow":["GET"]}}],"collection":[{"href":"https:\/\/www.kasikogluparke.com\/index.php?rest_route=\/wp\/v2\/product"}],"about":[{"href":"https:\/\/www.kasikogluparke.com\/index.php?rest_route=\/wp\/v2\/types\/product"}],"wp:featuredmedia":[{"embeddable":true,"href":"https:\/\/www.kasikogluparke.com\/index.php?rest_route=\/wp\/v2\/media\/581"}],"wp:attachment":[{"href":"https:\/\/www.kasikogluparke.com\/index.php?rest_route=%2Fwp%2Fv2%2Fmedia&parent=580"}],"wp:term":[{"taxonomy":"product_brand","embeddable":true,"href":"https:\/\/www.kasikogluparke.com\/index.php?rest_route=%2Fwp%2Fv2%2Fproduct_brand&post=580"},{"taxonomy":"product_cat","embeddable":true,"href":"https:\/\/www.kasikogluparke.com\/index.php?rest_route=%2Fwp%2Fv2%2Fproduct_cat&post=580"},{"taxonomy":"product_tag","embeddable":true,"href":"https:\/\/www.kasikogluparke.com\/index.php?rest_route=%2Fwp%2Fv2%2Fproduct_tag&post=580"}],"curies":[{"name":"wp","href":"https:\/\/api.w.org\/{rel}","templated":true}]}}