{"id":637,"date":"2022-05-25T09:53:47","date_gmt":"2022-05-25T09:53:47","guid":{"rendered":"http:\/\/www.depoparke.com\/?post_type=product&#038;p=637"},"modified":"2023-09-07T13:06:40","modified_gmt":"2023-09-07T13:06:40","slug":"5985-sherwood-oak-plank-gt","status":"publish","type":"product","link":"https:\/\/www.kasikogluparke.com\/?product=5985-sherwood-oak-plank-gt","title":{"rendered":"5985 Alp Me\u015fe"},"content":{"rendered":"<h2>\u00dcr\u00fcn \u00d6zellikleri<\/h2>\n<ul>\n<li><b>Boyutlar:\u00a01.285 x 192 x 10 mm<\/b><\/li>\n<li><b>15 y\u0131l garantilidir<\/b>\n<div class=\"propertyDescription\">\n<p>15 y\u0131l garantili &#8211;<a href=\"https:\/\/www.krono-original.com\/tr-tr\/garanti\">\u00a0Garanti Ko\u015fullar\u0131<\/a><\/p>\n<\/div>\n<\/li>\n<li><b>Aquastop 10 mm<\/b><\/li>\n<li><b>4 kenarl\u0131 V oyuk<\/b><\/li>\n<li><b>\u00c7evre Dostu<\/b><\/li>\n<li><b>A.B.C. Antibakteriyel konfor<\/b>\n<div class=\"propertyDescription\">\n<p>Zeminlerinizi olabildi\u011fince temiz ve bakterisiz tutman\u0131n sizin i\u00e7in \u00f6nemli oldu\u011funu s\u00f6ylemeye bile gerek yok. A.B.C. y\u00fczey* bakteriler i\u00e7in b\u00fcy\u00fcyecek bir temel b\u0131rakmaz. D\u00fczenli temizlikle, siz ve aileniz herhangi bir kayg\u0131 duymadan g\u00fcndelik hayat\u0131n\u0131z\u0131n keyfini \u00e7\u0131kabilirsiniz.<br \/>\n* Test edilen bakteriler: Staphylococcus aureus.<\/p>\n<\/div>\n<\/li>\n<\/ul>\n<ul>\n<li><b>1clic 2go pure<\/b>\n<div class=\"propertyDescription\">\n<p>1clic 2go pure-System ile kolay kurulum<\/p>\n<\/div>\n<\/li>\n<li><b>23 S\u0131n\u0131f<\/b>\n<div class=\"propertyDescription\">\n<p>Konut i\u00e7i alanlarda yo\u011fun kullan\u0131m i\u00e7in<\/p>\n<\/div>\n<\/li>\n<li><b>32 S\u0131n\u0131f<\/b>\n<div class=\"propertyDescription\">\n<p>Ticari alanlarda normal kullan\u0131m i\u00e7in<\/p>\n<\/div>\n<\/li>\n<\/ul>\n","protected":false},"excerpt":{"rendered":"<p><img loading=\"lazy\" decoding=\"async\" class=\"alignnone size-full wp-image-651\" src=\"http:\/\/www.kasikogluparke.com\/wp-content\/uploads\/2023\/03\/Symbols_10mm-1.jpg\" alt=\"\" width=\"658\" height=\"250\" srcset=\"https:\/\/www.kasikogluparke.com\/wp-content\/uploads\/2023\/03\/Symbols_10mm-1.jpg 658w, https:\/\/www.kasikogluparke.com\/wp-content\/uploads\/2023\/03\/Symbols_10mm-1-300x114.jpg 300w, https:\/\/www.kasikogluparke.com\/wp-content\/uploads\/2023\/03\/Symbols_10mm-1-600x228.jpg 600w\" sizes=\"auto, (max-width: 658px) 100vw, 658px\" \/><\/p>\n<p><img loading=\"lazy\" decoding=\"async\" class=\"alignnone size-full wp-image-751 aligncenter\" src=\"http:\/\/www.kasikogluparke.com\/wp-content\/uploads\/2023\/04\/100_Krono-e1680783641923.jpeg\" alt=\"\" width=\"300\" height=\"170\" \/><\/p>\n","protected":false},"featured_media":638,"template":"","meta":[],"product_brand":[],"product_cat":[59,25],"product_tag":[],"class_list":{"0":"post-637","1":"product","2":"type-product","3":"status-publish","4":"has-post-thumbnail","6":"product_cat-moderaplus10mm","7":"product_cat-parke","9":"first","10":"instock","11":"taxable","12":"shipping-taxable","13":"purchasable","14":"product-type-simple"},"_links":{"self":[{"href":"https:\/\/www.kasikogluparke.com\/index.php?rest_route=\/wp\/v2\/product\/637","targetHints":{"allow":["GET"]}}],"collection":[{"href":"https:\/\/www.kasikogluparke.com\/index.php?rest_route=\/wp\/v2\/product"}],"about":[{"href":"https:\/\/www.kasikogluparke.com\/index.php?rest_route=\/wp\/v2\/types\/product"}],"wp:featuredmedia":[{"embeddable":true,"href":"https:\/\/www.kasikogluparke.com\/index.php?rest_route=\/wp\/v2\/media\/638"}],"wp:attachment":[{"href":"https:\/\/www.kasikogluparke.com\/index.php?rest_route=%2Fwp%2Fv2%2Fmedia&parent=637"}],"wp:term":[{"taxonomy":"product_brand","embeddable":true,"href":"https:\/\/www.kasikogluparke.com\/index.php?rest_route=%2Fwp%2Fv2%2Fproduct_brand&post=637"},{"taxonomy":"product_cat","embeddable":true,"href":"https:\/\/www.kasikogluparke.com\/index.php?rest_route=%2Fwp%2Fv2%2Fproduct_cat&post=637"},{"taxonomy":"product_tag","embeddable":true,"href":"https:\/\/www.kasikogluparke.com\/index.php?rest_route=%2Fwp%2Fv2%2Fproduct_tag&post=637"}],"curies":[{"name":"wp","href":"https:\/\/api.w.org\/{rel}","templated":true}]}}