{"id":641,"date":"2022-05-25T09:57:05","date_gmt":"2022-05-25T09:57:05","guid":{"rendered":"http:\/\/www.depoparke.com\/?post_type=product&#038;p=641"},"modified":"2023-09-07T13:14:32","modified_gmt":"2023-09-07T13:14:32","slug":"8199-desert-oak-plank-gt","status":"publish","type":"product","link":"https:\/\/www.kasikogluparke.com\/?product=8199-desert-oak-plank-gt","title":{"rendered":"8199 Kum Me\u015fe"},"content":{"rendered":"<h2>\u00dcr\u00fcn \u00d6zellikleri<\/h2>\n<ul>\n<li><b>Boyutlar:\u00a01.285 x 192 x 8 mm<\/b><\/li>\n<li><b>15 y\u0131l garantilidir<\/b>\n<div class=\"propertyDescription\">\n<p>15 y\u0131l garantili &#8211;<a href=\"https:\/\/www.krono-original.com\/tr-tr\/garanti\">\u00a0Garanti Ko\u015fullar\u0131<\/a><\/p>\n<\/div>\n<\/li>\n<li><b>Aquastop 8 mm<\/b><\/li>\n<li><b>4 kenarl\u0131 V oyuk<\/b><\/li>\n<li><b>\u00c7evre Dostu<\/b><\/li>\n<li><b>Antibakteriyel y\u00fczey<\/b>\n<div class=\"propertyDescription\">\n<p>Krono Original\u00ae A.B.C. Anti Bacterial Comfort, anti-bakteriyel kaplama olarak bakteri \u00fcremesini engeller ve temiz bir ortam\u0131n huzurunu sa\u011flar. (Test Edilen Bakteriler: Staphylococcus aureus)<\/p>\n<\/div>\n<\/li>\n<li><b>Twin Clic<\/b>\n<div class=\"propertyDescription\">\n<p>D\u00f6\u015feme kolayl\u0131\u011f\u0131: Twin clic<\/p>\n<\/div>\n<\/li>\n<li><b>23 S\u0131n\u0131f<\/b>\n<div class=\"propertyDescription\">\n<p>Konut i\u00e7i alanlarda yo\u011fun kullan\u0131m i\u00e7in<\/p>\n<\/div>\n<\/li>\n<li><b>32 S\u0131n\u0131f<\/b>\n<div class=\"propertyDescription\">\n<p>Ticari alanlarda normal kullan\u0131m i\u00e7in<\/p>\n<\/div>\n<\/li>\n<li><b>VOC A+<\/b>\n<div class=\"propertyDescription\">\n<p>VOC A+ ile uyumlu en y\u00fcksek kalitede vinil; i\u00e7 mekan havas\u0131nda solunmas\u0131 halinde zehirli olabilecek u\u00e7ucu maddelerin emisyon seviyesi ile ilgili beyan -A+ seviyesinden (\u00e7ok d\u00fc\u015f\u00fck emisyon) C seviyesine (y\u00fcksek emisyon) kadar bir \u00f6l\u00e7ek \u00fczerinden. Ayr\u0131nt\u0131l\u0131 bilgi i\u00e7in:\u00a0<a href=\"https:\/\/www.eurofins.com\/consumer-product-testing\/information\/compliance-with-law\/european-national-legislation\/french-regulation-on-voc-emissions\/\" target=\"_blank\" rel=\"noopener\">www.eurofins.com\/<\/a><\/p>\n<\/div>\n<\/li>\n<\/ul>\n","protected":false},"excerpt":{"rendered":"[caption id=\"attachment_620\" align=\"alignnone\" width=\"658\"]<img loading=\"lazy\" decoding=\"async\" class=\"size-full wp-image-620\" src=\"http:\/\/www.kasikogluparke.com\/wp-content\/uploads\/2022\/04\/nested_symbols.png\" alt=\"Modera Classic\" width=\"658\" height=\"250\" srcset=\"https:\/\/www.kasikogluparke.com\/wp-content\/uploads\/2022\/04\/nested_symbols.png 658w, https:\/\/www.kasikogluparke.com\/wp-content\/uploads\/2022\/04\/nested_symbols-300x114.png 300w, https:\/\/www.kasikogluparke.com\/wp-content\/uploads\/2022\/04\/nested_symbols-600x228.png 600w\" sizes=\"auto, (max-width: 658px) 100vw, 658px\" \/> Krono Original Parke \u00c7orlu[\/caption]\n","protected":false},"featured_media":642,"template":"","meta":[],"product_brand":[],"product_cat":[55,25,58],"product_tag":[],"class_list":{"0":"post-641","1":"product","2":"type-product","3":"status-publish","4":"has-post-thumbnail","6":"product_cat-krono-original","7":"product_cat-parke","8":"product_cat-modera-classic-8-mm","10":"first","11":"instock","12":"taxable","13":"shipping-taxable","14":"purchasable","15":"product-type-simple"},"_links":{"self":[{"href":"https:\/\/www.kasikogluparke.com\/index.php?rest_route=\/wp\/v2\/product\/641","targetHints":{"allow":["GET"]}}],"collection":[{"href":"https:\/\/www.kasikogluparke.com\/index.php?rest_route=\/wp\/v2\/product"}],"about":[{"href":"https:\/\/www.kasikogluparke.com\/index.php?rest_route=\/wp\/v2\/types\/product"}],"wp:featuredmedia":[{"embeddable":true,"href":"https:\/\/www.kasikogluparke.com\/index.php?rest_route=\/wp\/v2\/media\/642"}],"wp:attachment":[{"href":"https:\/\/www.kasikogluparke.com\/index.php?rest_route=%2Fwp%2Fv2%2Fmedia&parent=641"}],"wp:term":[{"taxonomy":"product_brand","embeddable":true,"href":"https:\/\/www.kasikogluparke.com\/index.php?rest_route=%2Fwp%2Fv2%2Fproduct_brand&post=641"},{"taxonomy":"product_cat","embeddable":true,"href":"https:\/\/www.kasikogluparke.com\/index.php?rest_route=%2Fwp%2Fv2%2Fproduct_cat&post=641"},{"taxonomy":"product_tag","embeddable":true,"href":"https:\/\/www.kasikogluparke.com\/index.php?rest_route=%2Fwp%2Fv2%2Fproduct_tag&post=641"}],"curies":[{"name":"wp","href":"https:\/\/api.w.org\/{rel}","templated":true}]}}