{"id":666,"date":"2023-04-03T10:47:48","date_gmt":"2023-04-03T10:47:48","guid":{"rendered":"http:\/\/www.depoparke.com\/?post_type=product&#038;p=666"},"modified":"2023-04-03T10:49:48","modified_gmt":"2023-04-03T10:49:48","slug":"kar-mese","status":"publish","type":"product","link":"https:\/\/www.kasikogluparke.com\/?product=kar-mese","title":{"rendered":"Kar Me\u015fe"},"content":{"rendered":"<p>Farkl\u0131 ebatlarda derzli veya derzsiz olarak \u00fcretilebilen laminat parkeler 6, 7, 8, 10 veya 12 mm kal\u0131nl\u0131\u011f\u0131nda HDF (dayan\u0131kl\u0131 lif levha) \u00fczerine dekor ka\u011f\u0131d\u0131 kaplanarak elde edilir. Evlerden kamusal alanlara t\u00fcm ya\u015fam alanlar\u0131nda kullan\u0131m olana\u011f\u0131 vard\u0131r.<\/p>\n<table style=\"order-collapse: collapse; width: 100%; max-width: 800px; margin: 0 auto; background-color: #f8f8f8; font-family: Arial, sans-serif; font-size: 14px;\">\n<tbody>\n<tr>\n<td>Marka<\/td>\n<td>VarioClic<\/td>\n<\/tr>\n<tr>\n<td>Kal\u0131nl\u0131k(mm)<\/td>\n<td>8<\/td>\n<\/tr>\n<tr>\n<td>Derz<\/td>\n<td>Derzli<\/td>\n<\/tr>\n<tr>\n<td>Desen<\/td>\n<td>Me\u015fe<\/td>\n<\/tr>\n<tr>\n<td>A\u015f\u0131nma<\/td>\n<td>32AC4. S\u0131n\u0131f (Ev ve i\u015f yeri kullan\u0131m\u0131na uygundur)<\/td>\n<\/tr>\n<tr>\n<td>Renk Tonlar\u0131<\/td>\n<td>Orta<\/td>\n<\/tr>\n<tr>\n<td>Y\u00fczey<\/td>\n<td>RGSP<\/td>\n<\/tr>\n<tr>\n<td>Plank<\/td>\n<td>1203,5&#215;191,7<\/td>\n<\/tr>\n<tr>\n<td>Kilit Sistemi<\/td>\n<td>2G<\/td>\n<\/tr>\n<\/tbody>\n<\/table>\n","protected":false},"excerpt":{"rendered":"<p>Farkl\u0131 ebatlarda derzli veya derzsiz olarak \u00fcretilebilen laminat parkeler 6, 7, 8, 10 veya 12 mm kal\u0131nl\u0131\u011f\u0131nda HDF (dayan\u0131kl\u0131 lif levha) \u00fczerine dekor ka\u011f\u0131d\u0131 kaplanarak elde edilir. Evlerden kamusal alanlara t\u00fcm ya\u015fam alanlar\u0131nda kullan\u0131m olana\u011f\u0131 vard\u0131r. Marka VarioClic Kal\u0131nl\u0131k(mm) 8 Derz Derzli Desen Me\u015fe A\u015f\u0131nma 32AC4. S\u0131n\u0131f (Ev ve i\u015f yeri kullan\u0131m\u0131na uygundur) Renk Tonlar\u0131 <a href=\"https:\/\/www.kasikogluparke.com\/?product=kar-mese\" rel=\"nofollow\"><span class=\"sr-only\">Daha fazla okuyunKar Me\u015fe<\/span>[&hellip;]<\/a><\/p>\n","protected":false},"featured_media":667,"template":"","meta":[],"product_brand":[],"product_cat":[50,9],"product_tag":[],"class_list":{"0":"post-666","1":"product","2":"type-product","3":"status-publish","4":"has-post-thumbnail","6":"product_cat-uncategorized","7":"product_cat-poloclic","9":"first","10":"instock","11":"taxable","12":"shipping-taxable","13":"purchasable","14":"product-type-simple"},"_links":{"self":[{"href":"https:\/\/www.kasikogluparke.com\/index.php?rest_route=\/wp\/v2\/product\/666","targetHints":{"allow":["GET"]}}],"collection":[{"href":"https:\/\/www.kasikogluparke.com\/index.php?rest_route=\/wp\/v2\/product"}],"about":[{"href":"https:\/\/www.kasikogluparke.com\/index.php?rest_route=\/wp\/v2\/types\/product"}],"wp:featuredmedia":[{"embeddable":true,"href":"https:\/\/www.kasikogluparke.com\/index.php?rest_route=\/wp\/v2\/media\/667"}],"wp:attachment":[{"href":"https:\/\/www.kasikogluparke.com\/index.php?rest_route=%2Fwp%2Fv2%2Fmedia&parent=666"}],"wp:term":[{"taxonomy":"product_brand","embeddable":true,"href":"https:\/\/www.kasikogluparke.com\/index.php?rest_route=%2Fwp%2Fv2%2Fproduct_brand&post=666"},{"taxonomy":"product_cat","embeddable":true,"href":"https:\/\/www.kasikogluparke.com\/index.php?rest_route=%2Fwp%2Fv2%2Fproduct_cat&post=666"},{"taxonomy":"product_tag","embeddable":true,"href":"https:\/\/www.kasikogluparke.com\/index.php?rest_route=%2Fwp%2Fv2%2Fproduct_tag&post=666"}],"curies":[{"name":"wp","href":"https:\/\/api.w.org\/{rel}","templated":true}]}}