{"id":726,"date":"2023-04-04T11:30:02","date_gmt":"2023-04-04T11:30:02","guid":{"rendered":"http:\/\/www.depoparke.com\/?post_type=product&#038;p=726"},"modified":"2023-09-07T13:03:14","modified_gmt":"2023-09-07T13:03:14","slug":"8156-red-river-hickory-plank-vh","status":"publish","type":"product","link":"https:\/\/www.kasikogluparke.com\/?product=8156-red-river-hickory-plank-vh","title":{"rendered":"8156 Red River Hickory Plank (10mm VH)"},"content":{"rendered":"<p>Red River Hickory, odada y\u00fcksek s\u0131n\u0131f ve stil vizyonu yaratacakt\u0131r. Kahverengi-kestane renginin doygun tonlar\u0131 ve ah\u015fap dokusu, i\u00e7 mekanda hem incelik hem de rahatl\u0131k yarat\u0131r. Krono Original\u00ae Vintage&#8217;\u0131n senkronize dokusu ve elle kaz\u0131nm\u0131\u015f y\u00fczeyi, \u00fcr\u00fcn\u00fcn orijinalli\u011fi ve do\u011fal parke g\u00f6r\u00fcn\u00fcm\u00fc ile iyi bir izlenim yarat\u0131r. Fayda s\u0131n\u0131f\u0131 32\/AC4&#8217;t\u00fcr, g\u00fcnl\u00fck a\u015f\u0131nmaya kar\u015f\u0131 en iyi korumad\u0131r.<\/p>\n<p><strong>Anti Bakteriyel Kaplama <\/strong><\/p>\n<p>Do\u011fal olarak zemininizi olabildi\u011fince temiz ve mikropsuz tutmak istersiniz. Mikroorganizmalar\u0131 g\u00f6remeyiz ama kontrol edilmedi\u011fi takdirde neden olabilecekleri sorunlar\u0131 hepimiz biliyoruz. Alerjiler \u015fiddetlenebilir ve hastal\u0131\u011fa neden olabilir. ABC. bakteri olu\u015fumuna izin vermez, g\u00f6n\u00fcl rahatl\u0131\u011f\u0131 ve sa\u011fl\u0131kl\u0131 bir ortam yaratmak i\u00e7in hijyenik bir temizlik sa\u011flar.<\/p>\n<p><strong>Otantik Kabartmal\u0131 <\/strong><\/p>\n<p>Y\u00fcksek kaliteli Otantik Kabartmal\u0131 yap\u0131lar, zarif kontrast ve \u0131\u015f\u0131\u011f\u0131 farkl\u0131 \u015fekilde yans\u0131tan mat ve parlak \u00f6\u011felerle dokunun derinli\u011fini vurgulayan heyecan verici bir \u00e7oklu cam efekti i\u00e7erir. E\u015fzamanl\u0131 g\u00f6zenekler dekorun damarlar\u0131n\u0131 takip eder, yani ah\u015fap ve ta\u015f gibi do\u011fal malzemelerin karakterini kusursuz bir \u015fekilde taklit ederler.<\/p>\n<p><strong>\u00c7evre Dostu <\/strong><\/p>\n<p>Zeminler, standart olarak s\u00fcrd\u00fcr\u00fclebilir \u015fekilde y\u00f6netilen ormanlardan elde edilen %90 ah\u015faptan yap\u0131lm\u0131\u015f \u00e7evre dostudur. Dahas\u0131, hammaddeden bitmi\u015f \u00fcr\u00fcne kadar t\u00fcm \u00fcretim zinciri sertifikal\u0131d\u0131r ve ba\u011f\u0131ms\u0131z uzmanlar taraf\u0131ndan d\u00fczenli olarak denetlenerek sizin i\u00e7in g\u00f6n\u00fcl rahatl\u0131\u011f\u0131 ve \u00e7evremizin korunmas\u0131n\u0131 sa\u011flar.<\/p>\n<p><strong>Elle kaz\u0131nm\u0131\u015f <\/strong><\/p>\n<p>Parlak vurgularla vurgulanan yumu\u015fak mat y\u00fczey, d\u00fczensiz ah\u015fap sarmal\u0131 nazik\u00e7e taklit eder. Benzersizli\u011fi, kalas\u0131n a\u015f\u0131nm\u0131\u015f, daha y\u0131pranm\u0131\u015f etkisinde gizlidir. Dokunun derin zenginli\u011fi, estetik a\u00e7\u0131dan ho\u015f bir zemine s\u0131cak bir his katar.<\/p>\n<p><strong>Mikro \u00c7izilme Korumas\u0131 <\/strong><\/p>\n<p>Bu \u00f6zellikle dayan\u0131kl\u0131 y\u00fczey, zeminlerinizi yo\u011fun kullan\u0131m nedeniyle olu\u015fabilecek mikro \u00e7iziklere kar\u015f\u0131 daha da iyi koruyacakt\u0131r. Microscratch Protect ile d\u00f6\u015femeniz g\u00fcnl\u00fck a\u015f\u0131nma ve y\u0131pranmaya kar\u015f\u0131 m\u00fcmk\u00fcn olan en iyi savunmaya sahip olacakt\u0131r.<\/p>\n<p><strong>Yerden Is\u0131tmaya Uygun <\/strong><\/p>\n<p>D\u00f6\u015feme, \u201cd\u00fc\u015f\u00fck s\u0131cakl\u0131kl\u0131\u201d yerden \u0131s\u0131tma ve so\u011futma sistemleri ile uyumludur. Hem klasik s\u0131cak sulu hem de elektrikli \u0131s\u0131tma sistemlerinde zeminin maksimum s\u0131cakl\u0131\u011f\u0131 27\u00b0C&#8217;yi ge\u00e7memelidir. Her iki yerden \u0131s\u0131tma tipi de alt zemine monte edilir ve montaj talimatlar\u0131na \u00e7ok dikkat etmek gerekir.<\/p>\n","protected":false},"excerpt":{"rendered":"<p><img loading=\"lazy\" decoding=\"async\" class=\"alignnone size-full wp-image-747\" src=\"http:\/\/www.kasikogluparke.com\/wp-content\/uploads\/2023\/04\/Symbols-1.jpg\" alt=\"\" width=\"658\" height=\"377\" srcset=\"https:\/\/www.kasikogluparke.com\/wp-content\/uploads\/2023\/04\/Symbols-1.jpg 658w, https:\/\/www.kasikogluparke.com\/wp-content\/uploads\/2023\/04\/Symbols-1-300x172.jpg 300w, https:\/\/www.kasikogluparke.com\/wp-content\/uploads\/2023\/04\/Symbols-1-600x344.jpg 600w\" sizes=\"auto, (max-width: 658px) 100vw, 658px\" \/><\/p>\n<p><img loading=\"lazy\" decoding=\"async\" class=\"alignnone size-full wp-image-751 aligncenter\" src=\"http:\/\/www.kasikogluparke.com\/wp-content\/uploads\/2023\/04\/100_Krono-e1680783641923.jpeg\" alt=\"\" width=\"300\" height=\"170\" \/><\/p>\n","protected":false},"featured_media":727,"template":"","meta":[],"product_brand":[],"product_cat":[62,55,25],"product_tag":[67],"class_list":{"0":"post-726","1":"product","2":"type-product","3":"status-publish","4":"has-post-thumbnail","6":"product_cat-krono-vintage","7":"product_cat-krono-original","8":"product_cat-parke","9":"product_tag-8156-10mm","11":"first","12":"instock","13":"taxable","14":"shipping-taxable","15":"purchasable","16":"product-type-simple"},"_links":{"self":[{"href":"https:\/\/www.kasikogluparke.com\/index.php?rest_route=\/wp\/v2\/product\/726","targetHints":{"allow":["GET"]}}],"collection":[{"href":"https:\/\/www.kasikogluparke.com\/index.php?rest_route=\/wp\/v2\/product"}],"about":[{"href":"https:\/\/www.kasikogluparke.com\/index.php?rest_route=\/wp\/v2\/types\/product"}],"wp:featuredmedia":[{"embeddable":true,"href":"https:\/\/www.kasikogluparke.com\/index.php?rest_route=\/wp\/v2\/media\/727"}],"wp:attachment":[{"href":"https:\/\/www.kasikogluparke.com\/index.php?rest_route=%2Fwp%2Fv2%2Fmedia&parent=726"}],"wp:term":[{"taxonomy":"product_brand","embeddable":true,"href":"https:\/\/www.kasikogluparke.com\/index.php?rest_route=%2Fwp%2Fv2%2Fproduct_brand&post=726"},{"taxonomy":"product_cat","embeddable":true,"href":"https:\/\/www.kasikogluparke.com\/index.php?rest_route=%2Fwp%2Fv2%2Fproduct_cat&post=726"},{"taxonomy":"product_tag","embeddable":true,"href":"https:\/\/www.kasikogluparke.com\/index.php?rest_route=%2Fwp%2Fv2%2Fproduct_tag&post=726"}],"curies":[{"name":"wp","href":"https:\/\/api.w.org\/{rel}","templated":true}]}}