{"id":771,"date":"2023-04-07T09:15:30","date_gmt":"2023-04-07T09:15:30","guid":{"rendered":"http:\/\/www.depoparke.com\/?post_type=product&#038;p=771"},"modified":"2023-04-07T09:20:13","modified_gmt":"2023-04-07T09:20:13","slug":"no-1","status":"publish","type":"product","link":"https:\/\/www.kasikogluparke.com\/?product=no-1","title":{"rendered":"No 1"},"content":{"rendered":"<p>No 1 s\u00fcp\u00fcrgelik. L\u00fctfen sipari\u015flerinizde bu numaray\u0131 belirtiniz. Keyifli al\u0131\u015fveri\u015fler dileriz.<\/p>\n","protected":false},"excerpt":{"rendered":"<p>No 1 s\u00fcp\u00fcrgelik. L\u00fctfen sipari\u015flerinizde bu numaray\u0131 belirtiniz. Keyifli al\u0131\u015fveri\u015fler dileriz.<\/p>\n","protected":false},"featured_media":772,"template":"","meta":[],"product_brand":[],"product_cat":[70,69],"product_tag":[],"class_list":{"0":"post-771","1":"product","2":"type-product","3":"status-publish","4":"has-post-thumbnail","6":"product_cat-lake-pvc-kaplama","7":"product_cat-supge","9":"first","10":"instock","11":"taxable","12":"shipping-taxable","13":"product-type-simple"},"_links":{"self":[{"href":"https:\/\/www.kasikogluparke.com\/index.php?rest_route=\/wp\/v2\/product\/771","targetHints":{"allow":["GET"]}}],"collection":[{"href":"https:\/\/www.kasikogluparke.com\/index.php?rest_route=\/wp\/v2\/product"}],"about":[{"href":"https:\/\/www.kasikogluparke.com\/index.php?rest_route=\/wp\/v2\/types\/product"}],"wp:featuredmedia":[{"embeddable":true,"href":"https:\/\/www.kasikogluparke.com\/index.php?rest_route=\/wp\/v2\/media\/772"}],"wp:attachment":[{"href":"https:\/\/www.kasikogluparke.com\/index.php?rest_route=%2Fwp%2Fv2%2Fmedia&parent=771"}],"wp:term":[{"taxonomy":"product_brand","embeddable":true,"href":"https:\/\/www.kasikogluparke.com\/index.php?rest_route=%2Fwp%2Fv2%2Fproduct_brand&post=771"},{"taxonomy":"product_cat","embeddable":true,"href":"https:\/\/www.kasikogluparke.com\/index.php?rest_route=%2Fwp%2Fv2%2Fproduct_cat&post=771"},{"taxonomy":"product_tag","embeddable":true,"href":"https:\/\/www.kasikogluparke.com\/index.php?rest_route=%2Fwp%2Fv2%2Fproduct_tag&post=771"}],"curies":[{"name":"wp","href":"https:\/\/api.w.org\/{rel}","templated":true}]}}