{"id":785,"date":"2023-04-07T09:25:19","date_gmt":"2023-04-07T09:25:19","guid":{"rendered":"http:\/\/www.depoparke.com\/?post_type=product&#038;p=785"},"modified":"2023-04-07T09:26:02","modified_gmt":"2023-04-07T09:26:02","slug":"no-6","status":"publish","type":"product","link":"https:\/\/www.kasikogluparke.com\/?product=no-6","title":{"rendered":"No 6"},"content":{"rendered":"<p>No 6 s\u00fcp\u00fcrgelik. L\u00fctfen sipari\u015flerinizde bu numaray\u0131 belirtiniz. Keyifli al\u0131\u015fveri\u015fler dileriz.<\/p>\n","protected":false},"excerpt":{"rendered":"<p>No 6 s\u00fcp\u00fcrgelik. L\u00fctfen sipari\u015flerinizde bu numaray\u0131 belirtiniz. Keyifli al\u0131\u015fveri\u015fler dileriz.<\/p>\n","protected":false},"featured_media":786,"template":"","meta":[],"product_brand":[],"product_cat":[70,69],"product_tag":[],"class_list":{"0":"post-785","1":"product","2":"type-product","3":"status-publish","4":"has-post-thumbnail","6":"product_cat-lake-pvc-kaplama","7":"product_cat-supge","9":"first","10":"instock","11":"taxable","12":"shipping-taxable","13":"product-type-simple"},"_links":{"self":[{"href":"https:\/\/www.kasikogluparke.com\/index.php?rest_route=\/wp\/v2\/product\/785","targetHints":{"allow":["GET"]}}],"collection":[{"href":"https:\/\/www.kasikogluparke.com\/index.php?rest_route=\/wp\/v2\/product"}],"about":[{"href":"https:\/\/www.kasikogluparke.com\/index.php?rest_route=\/wp\/v2\/types\/product"}],"wp:featuredmedia":[{"embeddable":true,"href":"https:\/\/www.kasikogluparke.com\/index.php?rest_route=\/wp\/v2\/media\/786"}],"wp:attachment":[{"href":"https:\/\/www.kasikogluparke.com\/index.php?rest_route=%2Fwp%2Fv2%2Fmedia&parent=785"}],"wp:term":[{"taxonomy":"product_brand","embeddable":true,"href":"https:\/\/www.kasikogluparke.com\/index.php?rest_route=%2Fwp%2Fv2%2Fproduct_brand&post=785"},{"taxonomy":"product_cat","embeddable":true,"href":"https:\/\/www.kasikogluparke.com\/index.php?rest_route=%2Fwp%2Fv2%2Fproduct_cat&post=785"},{"taxonomy":"product_tag","embeddable":true,"href":"https:\/\/www.kasikogluparke.com\/index.php?rest_route=%2Fwp%2Fv2%2Fproduct_tag&post=785"}],"curies":[{"name":"wp","href":"https:\/\/api.w.org\/{rel}","templated":true}]}}