{"id":875,"date":"2023-04-07T12:54:35","date_gmt":"2023-04-07T12:54:35","guid":{"rendered":"http:\/\/www.depoparke.com\/?post_type=product&#038;p=875"},"modified":"2023-04-07T12:56:16","modified_gmt":"2023-04-07T12:56:16","slug":"14-654-rs-akcaagac","status":"publish","type":"product","link":"https:\/\/www.kasikogluparke.com\/?product=14-654-rs-akcaagac","title":{"rendered":"14-654-RS Ak\u00e7aa\u011fa\u00e7"},"content":{"rendered":"<p>14-654-RS Ak\u00e7aa\u011fa\u00e7<\/p>\n","protected":false},"excerpt":{"rendered":"<p>14-654-RS Ak\u00e7aa\u011fa\u00e7<\/p>\n","protected":false},"featured_media":876,"template":"","meta":[],"product_brand":[],"product_cat":[71,69],"product_tag":[],"class_list":{"0":"post-875","1":"product","2":"type-product","3":"status-publish","4":"has-post-thumbnail","6":"product_cat-lamsup","7":"product_cat-supge","9":"first","10":"instock","11":"taxable","12":"shipping-taxable","13":"product-type-simple"},"_links":{"self":[{"href":"https:\/\/www.kasikogluparke.com\/index.php?rest_route=\/wp\/v2\/product\/875","targetHints":{"allow":["GET"]}}],"collection":[{"href":"https:\/\/www.kasikogluparke.com\/index.php?rest_route=\/wp\/v2\/product"}],"about":[{"href":"https:\/\/www.kasikogluparke.com\/index.php?rest_route=\/wp\/v2\/types\/product"}],"wp:featuredmedia":[{"embeddable":true,"href":"https:\/\/www.kasikogluparke.com\/index.php?rest_route=\/wp\/v2\/media\/876"}],"wp:attachment":[{"href":"https:\/\/www.kasikogluparke.com\/index.php?rest_route=%2Fwp%2Fv2%2Fmedia&parent=875"}],"wp:term":[{"taxonomy":"product_brand","embeddable":true,"href":"https:\/\/www.kasikogluparke.com\/index.php?rest_route=%2Fwp%2Fv2%2Fproduct_brand&post=875"},{"taxonomy":"product_cat","embeddable":true,"href":"https:\/\/www.kasikogluparke.com\/index.php?rest_route=%2Fwp%2Fv2%2Fproduct_cat&post=875"},{"taxonomy":"product_tag","embeddable":true,"href":"https:\/\/www.kasikogluparke.com\/index.php?rest_route=%2Fwp%2Fv2%2Fproduct_tag&post=875"}],"curies":[{"name":"wp","href":"https:\/\/api.w.org\/{rel}","templated":true}]}}