{"id":963,"date":"2023-05-04T12:22:46","date_gmt":"2023-05-04T12:22:46","guid":{"rendered":"http:\/\/www.depoparke.com\/?post_type=product&#038;p=963"},"modified":"2023-05-04T12:23:58","modified_gmt":"2023-05-04T12:23:58","slug":"55-1974-kirecli-disbudak","status":"publish","type":"product","link":"https:\/\/www.kasikogluparke.com\/?product=55-1974-kirecli-disbudak","title":{"rendered":"55-1974 Kire\u00e7li Di\u015fbudak"},"content":{"rendered":"<p>55-1974 Kire\u00e7li Di\u015fbudak<\/p>\n","protected":false},"excerpt":{"rendered":"<p>55-1974 Kire\u00e7li Di\u015fbudak<\/p>\n","protected":false},"featured_media":964,"template":"","meta":[],"product_brand":[],"product_cat":[71,69],"product_tag":[],"class_list":{"0":"post-963","1":"product","2":"type-product","3":"status-publish","4":"has-post-thumbnail","6":"product_cat-lamsup","7":"product_cat-supge","9":"first","10":"instock","11":"taxable","12":"shipping-taxable","13":"product-type-simple"},"_links":{"self":[{"href":"https:\/\/www.kasikogluparke.com\/index.php?rest_route=\/wp\/v2\/product\/963","targetHints":{"allow":["GET"]}}],"collection":[{"href":"https:\/\/www.kasikogluparke.com\/index.php?rest_route=\/wp\/v2\/product"}],"about":[{"href":"https:\/\/www.kasikogluparke.com\/index.php?rest_route=\/wp\/v2\/types\/product"}],"wp:featuredmedia":[{"embeddable":true,"href":"https:\/\/www.kasikogluparke.com\/index.php?rest_route=\/wp\/v2\/media\/964"}],"wp:attachment":[{"href":"https:\/\/www.kasikogluparke.com\/index.php?rest_route=%2Fwp%2Fv2%2Fmedia&parent=963"}],"wp:term":[{"taxonomy":"product_brand","embeddable":true,"href":"https:\/\/www.kasikogluparke.com\/index.php?rest_route=%2Fwp%2Fv2%2Fproduct_brand&post=963"},{"taxonomy":"product_cat","embeddable":true,"href":"https:\/\/www.kasikogluparke.com\/index.php?rest_route=%2Fwp%2Fv2%2Fproduct_cat&post=963"},{"taxonomy":"product_tag","embeddable":true,"href":"https:\/\/www.kasikogluparke.com\/index.php?rest_route=%2Fwp%2Fv2%2Fproduct_tag&post=963"}],"curies":[{"name":"wp","href":"https:\/\/api.w.org\/{rel}","templated":true}]}}